{"id":4690,"date":"2021-09-27T10:35:19","date_gmt":"2021-09-27T07:35:19","guid":{"rendered":"https:\/\/www.muglacup.com\/?page_id=4690"},"modified":"2021-11-04T23:22:53","modified_gmt":"2021-11-04T20:22:53","slug":"results","status":"publish","type":"page","link":"https:\/\/www.muglacup.com\/en\/databank\/results\/","title":{"rendered":"Results"},"content":{"rendered":"<h3>29 October Fethiye<\/h3>\n<table>\n<tbody>\n<tr>\n<th>Women<\/th>\n<th>Men<\/th>\n<\/tr>\n<tr>\n<td style=\"text-align: center;\">D\u0130D\u0130 DE VR\u0130ES<\/td>\n<td style=\"text-align: center;\">ANTON OLSTAM<\/td>\n<\/tr>\n<tr>\n<td style=\"text-align: center;\">ADA ILGAZ \u00d6ZTORTOP<\/td>\n<td style=\"text-align: center;\">FEL\u0130X KLAUSMANN<\/td>\n<\/tr>\n<tr>\n<td style=\"text-align: center;\"><\/td>\n<td style=\"text-align: center;\">ANTON B\u0130RATH<\/td>\n<\/tr>\n<\/tbody>\n<\/table>\n<p><a href=\"http:\/\/racetiming.com.tr\/wp-content\/uploads\/2021\/10\/muglacup1guns%C4%B1ralamalar.pdf\">Time Trial<\/a><br \/>\n<a href=\"http:\/\/racetiming.com.tr\/wp-content\/uploads\/2021\/10\/muglacup1gunkad%C4%B1nlarfinali.pdf\">Women&#8217;s Final<\/a><br \/>\n<a href=\"http:\/\/racetiming.com.tr\/wp-content\/uploads\/2021\/10\/muglacup1gunerkeklerfinali.pdf\">Men&#8217;s Final<\/a><\/p>\n<h3>31 October Marmaris<\/h3>\n<table>\n<tbody>\n<tr>\n<th>Women<\/th>\n<th>Men<\/th>\n<\/tr>\n<tr>\n<td style=\"text-align: center;\">D\u0130D\u0130 DE VR\u0130ES<\/td>\n<td style=\"text-align: center;\">FEL\u0130X KLAUSMANN<\/td>\n<\/tr>\n<tr>\n<td style=\"text-align: center;\">ELLA HOLMEG\u00c5RD<\/td>\n<td style=\"text-align: center;\">N\u0130LS-OBED R\u0130ECKER<\/td>\n<\/tr>\n<tr>\n<td style=\"text-align: center;\">FARANAK PARTOAZAR<\/td>\n<td style=\"text-align: center;\">ATT\u0130LA GERELY<\/td>\n<\/tr>\n<\/tbody>\n<\/table>\n<p><a href=\"http:\/\/racetiming.com.tr\/wp-content\/uploads\/2021\/10\/muglacup2guns%C4%B1ralamalarerkek.pdf\">Men&#8217;s Time Trial<\/a><br \/>\n<a href=\"http:\/\/racetiming.com.tr\/wp-content\/uploads\/2021\/10\/muglacup2guns%C4%B1ralamalarkad%C4%B1n.pdf\">Women&#8217;s Time Trial<\/a><br \/>\n<a href=\"#\">Women&#8217;s Final<\/a><br \/>\n<a href=\"http:\/\/racetiming.com.tr\/wp-content\/uploads\/2021\/10\/muglacup2gunerkeklerfinali.pdf\">Men&#8217;s Final<\/a><\/p>\n<h3>2 Novamber Bodrum<\/h3>\n<table>\n<tbody>\n<tr>\n<th>Women<\/th>\n<th>Men<\/th>\n<\/tr>\n<tr>\n<td style=\"text-align: center;\">D\u0130D\u0130 DE VR\u0130ES<\/td>\n<td style=\"text-align: center;\">FEL\u0130X KLAUSMANN<\/td>\n<\/tr>\n<tr>\n<td style=\"text-align: center;\">ELLA HOLMEG\u00c5RD<\/td>\n<td style=\"text-align: center;\">ANTON OLSTAM<\/td>\n<\/tr>\n<tr>\n<td style=\"text-align: center;\">FARANAK PARTOAZAR<\/td>\n<td style=\"text-align: center;\">ANTON B\u0130RATH<\/td>\n<\/tr>\n<\/tbody>\n<\/table>\n<p><a href=\"http:\/\/racetiming.com.tr\/wp-content\/uploads\/2021\/11\/3guns%C4%B1ralamalar.pdf\">Time Trial<\/a><br \/>\n<a href=\"http:\/\/racetiming.com.tr\/wp-content\/uploads\/2021\/11\/3.gunkad%C4%B1nlarfinal.pdf\">Women&#8217;s Final<\/a><br \/>\n<a href=\"http:\/\/racetiming.com.tr\/wp-content\/uploads\/2021\/11\/3.gunerkeklerfinal.pdf\">Men&#8217;s Final<\/a><\/p>\n","protected":false},"excerpt":{"rendered":"<p>29 October Fethiye Women Men D\u0130D\u0130 DE VR\u0130ES ANTON OLSTAM ADA ILGAZ \u00d6ZTORTOP FEL\u0130X KLAUSMANN ANTON B\u0130RATH Time Trial Women&#8217;s Final Men&#8217;s Final 31 October Marmaris Women Men D\u0130D\u0130 DE VR\u0130ES FEL\u0130X KLAUSMANN ELLA HOLMEG\u00c5RD N\u0130LS-OBED R\u0130ECKER FARANAK PARTOAZAR ATT\u0130LA GERELY Men&#8217;s Time Trial Women&#8217;s Time Trial Women&#8217;s Final Men&#8217;s Final 2 Novamber Bodrum Women [&hellip;]<\/p>\n","protected":false},"author":3,"featured_media":0,"parent":4718,"menu_order":0,"comment_status":"closed","ping_status":"closed","template":"","meta":[],"_links":{"self":[{"href":"https:\/\/www.muglacup.com\/en\/wp-json\/wp\/v2\/pages\/4690"}],"collection":[{"href":"https:\/\/www.muglacup.com\/en\/wp-json\/wp\/v2\/pages"}],"about":[{"href":"https:\/\/www.muglacup.com\/en\/wp-json\/wp\/v2\/types\/page"}],"author":[{"embeddable":true,"href":"https:\/\/www.muglacup.com\/en\/wp-json\/wp\/v2\/users\/3"}],"replies":[{"embeddable":true,"href":"https:\/\/www.muglacup.com\/en\/wp-json\/wp\/v2\/comments?post=4690"}],"version-history":[{"count":3,"href":"https:\/\/www.muglacup.com\/en\/wp-json\/wp\/v2\/pages\/4690\/revisions"}],"predecessor-version":[{"id":4958,"href":"https:\/\/www.muglacup.com\/en\/wp-json\/wp\/v2\/pages\/4690\/revisions\/4958"}],"up":[{"embeddable":true,"href":"https:\/\/www.muglacup.com\/en\/wp-json\/wp\/v2\/pages\/4718"}],"wp:attachment":[{"href":"https:\/\/www.muglacup.com\/en\/wp-json\/wp\/v2\/media?parent=4690"}],"curies":[{"name":"wp","href":"https:\/\/api.w.org\/{rel}","templated":true}]}}