{"id":4728,"date":"2021-09-27T12:39:09","date_gmt":"2021-09-27T09:39:09","guid":{"rendered":"https:\/\/www.muglacup.com\/?page_id=4728"},"modified":"2021-09-27T12:39:09","modified_gmt":"2021-09-27T09:39:09","slug":"register-here","status":"publish","type":"page","link":"https:\/\/www.muglacup.com\/en\/register-here\/","title":{"rendered":"Register Here"},"content":{"rendered":"\r\n<script type=\"text\/javascript\">\t \t \r\n  var uniqID = Math.random().toString(36).substr(2, 9);\t \t \r\n jQuery(document).ready(function(){\t \t \r\n  jQuery('input[name=\"formid\"]').val('MUGLACUP2021_'+uniqID);\t \t \r\n });\t \t \r\n document.addEventListener( 'wpcf7mailsent', function( event ) {\t \t \r\n  location = 'https:\/\/muglacup.com\/odeme?mpay=MUGLACUP2021_'+uniqID;\t \t \r\n }, false );\t \t \r\n <\/script>\r\n<div class=\"grid-x align-center\">\r\n<div class=\"cell large-6\"><div role=\"form\" class=\"wpcf7\" id=\"wpcf7-f142-o1\" lang=\"tr-TR\" dir=\"ltr\">\n<div class=\"screen-reader-response\"><p role=\"status\" aria-live=\"polite\" aria-atomic=\"true\"><\/p> <ul><\/ul><\/div>\n<form action=\"\/en\/wp-json\/wp\/v2\/pages\/4728#wpcf7-f142-o1\" method=\"post\" class=\"wpcf7-form init\" novalidate=\"novalidate\" data-status=\"init\">\n<div style=\"display: none;\">\n<input type=\"hidden\" name=\"_wpcf7\" value=\"142\" \/>\n<input type=\"hidden\" name=\"_wpcf7_version\" value=\"5.5.3\" \/>\n<input type=\"hidden\" name=\"_wpcf7_locale\" value=\"tr_TR\" \/>\n<input type=\"hidden\" name=\"_wpcf7_unit_tag\" value=\"wpcf7-f142-o1\" \/>\n<input type=\"hidden\" name=\"_wpcf7_container_post\" value=\"0\" \/>\n<input type=\"hidden\" name=\"_wpcf7_posted_data_hash\" value=\"\" \/>\n<\/div>\n<p><label> Ad:<br \/>\n    <span class=\"wpcf7-form-control-wrap your-name\"><input type=\"text\" name=\"your-name\" value=\"\" size=\"40\" class=\"wpcf7-form-control wpcf7-text wpcf7-validates-as-required\" aria-required=\"true\" aria-invalid=\"false\" \/><\/span> <\/label><\/p>\n<p><label> Soyad:<br \/>\n    <span class=\"wpcf7-form-control-wrap your-surname\"><input type=\"text\" name=\"your-surname\" value=\"\" size=\"40\" class=\"wpcf7-form-control wpcf7-text wpcf7-validates-as-required\" aria-required=\"true\" aria-invalid=\"false\" \/><\/span> <\/label><\/p>\n<p><label> TC Kimlik No:<br \/>\n    <span class=\"wpcf7-form-control-wrap your-tc\"><input type=\"text\" name=\"your-tc\" value=\"\" size=\"40\" class=\"wpcf7-form-control wpcf7-text wpcf7-validates-as-required\" aria-required=\"true\" aria-invalid=\"false\" \/><\/span> <\/label><\/p>\n<p><label> Uyruk:<br \/>\n    <span class=\"wpcf7-form-control-wrap your-uyruk\"><select name=\"your-uyruk\" class=\"wpcf7-form-control wpcf7-select wpcf7-validates-as-required\" aria-required=\"true\" aria-invalid=\"false\"><option value=\"T\u00fcrkiye\">T\u00fcrkiye<\/option><option value=\"Austria\">Austria<\/option><option value=\"Afghanistan\">Afghanistan<\/option><option value=\"Albania\">Albania<\/option><option value=\"Armenia\">Armenia<\/option><option value=\"Andorra\">Andorra<\/option><option value=\"Australia\">Australia<\/option><option value=\"Azerbaijan\">Azerbaijan<\/option><option value=\"Belgium\">Belgium<\/option><option value=\"Bangladesh\">Bangladesh<\/option><option value=\"Barbados\">Barbados<\/option><option value=\"Burkina Faso\">Burkina Faso<\/option><option value=\"Bulgaria\">Bulgaria<\/option><option value=\"Belize\">Belize<\/option><option value=\"Bosnia and Herzegovina\">Bosnia and Herzegovina<\/option><option value=\"Bolivia\">Bolivia<\/option><option value=\"Brazil\">Brazil<\/option><option value=\"Bahrain\">Bahrain<\/option><option value=\"Brunei\">Brunei<\/option><option value=\"Bahamas\">Bahamas<\/option><option value=\"Myanmar\">Myanmar<\/option><option value=\"British Virgin Islands\">British Virgin Islands<\/option><option value=\"Botswana\">Botswana<\/option><option value=\"Belarus\">Belarus<\/option><option value=\"Cuba\">Cuba<\/option><option value=\"Cameroon\">Cameroon<\/option><option value=\"Canada\">Canada<\/option><option value=\"Democratic Republic of the Congo\">Democratic Republic of the Congo<\/option><option value=\"Switzerland\">Switzerland<\/option><option value=\"Ivory Coast (C\u00f4te d&#039;Ivoire)\">Ivory Coast (C\u00f4te d&#039;Ivoire)<\/option><option value=\"Sri Lanka\">Sri Lanka<\/option><option value=\"Colombia\">Colombia<\/option><option value=\"Costa Rica\">Costa Rica<\/option><option value=\"Cyprus\">Cyprus<\/option><option value=\"Czech Republic\">Czech Republic<\/option><option value=\"Germany\">Germany<\/option><option value=\"Denmark\">Denmark<\/option><option value=\"Dominican Republic\">Dominican Republic<\/option><option value=\"Benin\">Benin<\/option><option value=\"Algeria\">Algeria<\/option><option value=\"Spain\">Spain<\/option><option value=\"Kenya\">Kenya<\/option><option value=\"Tanzania\">Tanzania<\/option><option value=\"Uganda\">Uganda<\/option><option value=\"Zanzibar\">Zanzibar<\/option><option value=\"Ecuador\">Ecuador<\/option><option value=\"Eritrea\">Eritrea<\/option><option value=\"El Salvador\">El Salvador<\/option><option value=\"Estonia\">Estonia<\/option><option value=\"Egypt\">Egypt<\/option><option value=\"Ethiopia\">Ethiopia<\/option><option value=\"France\">France<\/option><option value=\"Finland\">Finland<\/option><option value=\"Fiji\">Fiji<\/option><option value=\"Liechtenstein\">Liechtenstein<\/option><option value=\"Faroe Islands\">Faroe Islands<\/option><option value=\"Gabon\">Gabon<\/option><option value=\"United Kingdom\">United Kingdom<\/option><option value=\"Alderney\">Alderney<\/option><option value=\"Guernsey\">Guernsey<\/option><option value=\"Jersey\">Jersey<\/option><option value=\"Isle of Man\">Isle of Man<\/option><option value=\"Gibraltar\">Gibraltar<\/option><option value=\"Guatemala\">Guatemala<\/option><option value=\"Georgia\">Georgia<\/option><option value=\"Ghana\">Ghana<\/option><option value=\"Greece\">Greece<\/option><option value=\"Guyana\">Guyana<\/option><option value=\"Hungary\">Hungary<\/option><option value=\"Jordan\">Jordan<\/option><option value=\"Honduras\">Honduras<\/option><option value=\"Croatia\">Croatia<\/option><option value=\"Italy\">Italy<\/option><option value=\"Israel\">Israel<\/option><option value=\"India\">India<\/option><option value=\"Iran\">Iran<\/option><option value=\"Ireland\">Ireland<\/option><option value=\"Iraq\">Iraq<\/option><option value=\"Iceland\">Iceland<\/option><option value=\"Japan\">Japan<\/option><option value=\"Jamaica\">Jamaica<\/option><option value=\"Cambodia\">Cambodia<\/option><option value=\"Kyrgyzstan\">Kyrgyzstan<\/option><option value=\"Saudi Arabia\">Saudi Arabia<\/option><option value=\"Kuwait\">Kuwait<\/option><option value=\"Kazakhstan\">Kazakhstan<\/option><option value=\"Luxembourg\">Luxembourg<\/option><option value=\"Laos\">Laos<\/option><option value=\"Libya\">Libya<\/option><option value=\"Liberia\">Liberia<\/option><option value=\"Lesotho\">Lesotho<\/option><option value=\"Lithuania\">Lithuania<\/option><option value=\"Latvia\">Latvia<\/option><option value=\"Malta\">Malta<\/option><option value=\"Morocco\">Morocco<\/option><option value=\"Malaysia\">Malaysia<\/option><option value=\"Monaco\">Monaco<\/option><option value=\"Moldova\">Moldova<\/option><option value=\"Mexico\">Mexico<\/option><option value=\"Montenegro\">Montenegro<\/option><option value=\"Mongolia\">Mongolia<\/option><option value=\"Mozambique\">Mozambique<\/option><option value=\"Mauritius\">Mauritius<\/option><option value=\"Malawi\">Malawi<\/option><option value=\"Norway\">Norway<\/option><option value=\"Netherlands Antilles\">Netherlands Antilles<\/option><option value=\"Namibia\">Namibia<\/option><option value=\"Nauru\">Nauru<\/option><option value=\"Nepal\">Nepal<\/option><option value=\"Nicaragua\">Nicaragua<\/option><option value=\"Netherlands\">Netherlands<\/option><option value=\"North Macedonia\">North Macedonia<\/option><option value=\"New Zealand\">New Zealand<\/option><option value=\"Portugal\">Portugal<\/option><option value=\"Panama\">Panama<\/option><option value=\"Peru\">Peru<\/option><option value=\"Pakistan\">Pakistan<\/option><option value=\"Poland\">Poland<\/option><option value=\"Papua New Guinea\">Papua New Guinea<\/option><option value=\"Paraguay\">Paraguay<\/option><option value=\"Qatar\">Qatar<\/option><option value=\"Argentina\">Argentina<\/option><option value=\"Republic of China (Taiwan)\">Republic of China (Taiwan)<\/option><option value=\"Central African Republic\">Central African Republic<\/option><option value=\"Republic of the Congo\">Republic of the Congo<\/option><option value=\"Chile\">Chile<\/option><option value=\"Guinea\">Guinea<\/option><option value=\"Haiti\">Haiti<\/option><option value=\"Indonesia\">Indonesia<\/option><option value=\"Mauritania\">Mauritania<\/option><option value=\"Kosovo\">Kosovo<\/option><option value=\"Lebanon\">Lebanon<\/option><option value=\"Madagascar\">Madagascar<\/option><option value=\"Mali\">Mali<\/option><option value=\"Niger\">Niger<\/option><option value=\"Romania\">Romania<\/option><option value=\"South Korea\">South Korea<\/option><option value=\"Philippines\">Philippines<\/option><option value=\"San Marino\">San Marino<\/option><option value=\"Burundi\">Burundi<\/option><option value=\"Russia\">Russia<\/option><option value=\"Rwanda\">Rwanda<\/option><option value=\"Sweden\">Sweden<\/option><option value=\"Eswatini\">Eswatini<\/option><option value=\"Singapore\">Singapore<\/option><option value=\"Slovakia\">Slovakia<\/option><option value=\"Slovenia\">Slovenia<\/option><option value=\"Suriname\">Suriname<\/option><option value=\"Senegal\">Senegal<\/option><option value=\"Somalia\">Somalia<\/option><option value=\"Serbia\">Serbia<\/option><option value=\"Sudan\">Sudan<\/option><option value=\"Seychelles\">Seychelles<\/option><option value=\"Syria\">Syria<\/option><option value=\"Thailand\">Thailand<\/option><option value=\"Chad\">Chad<\/option><option value=\"Togo\">Togo<\/option><option value=\"Tajikistan\">Tajikistan<\/option><option value=\"Turkmenistan\">Turkmenistan<\/option><option value=\"Tunisia\">Tunisia<\/option><option value=\"Trinidad and Tobago\">Trinidad and Tobago<\/option><option value=\"Ukraine\">Ukraine<\/option><option value=\"United Arab Emirates\">United Arab Emirates<\/option><option value=\"United States\">United States<\/option><option value=\"Uruguay\">Uruguay<\/option><option value=\"Uzbekistan\">Uzbekistan<\/option><option value=\"Vatican City\">Vatican City<\/option><option value=\"Vietnam\">Vietnam<\/option><option value=\"Gambia\">Gambia<\/option><option value=\"Sierra Leone\">Sierra Leone<\/option><option value=\"Nigeria\">Nigeria<\/option><option value=\"Dominica\">Dominica<\/option><option value=\"Grenada\">Grenada<\/option><option value=\"Saint Lucia\">Saint Lucia<\/option><option value=\"Samoa\">Samoa<\/option><option value=\"Saint Vincent and the Grenadines\">Saint Vincent and the Grenadines<\/option><option value=\"Yemen\">Yemen<\/option><option value=\"Venezuela\">Venezuela<\/option><option value=\"Zambia\">Zambia<\/option><option value=\"South Africa\">South Africa<\/option><option value=\"Zimbabwe\">Zimbabwe<\/option><\/select><\/span> <\/label><\/p>\n<p><label> E-posta:<br \/>\n    <span class=\"wpcf7-form-control-wrap your-email\"><input type=\"email\" name=\"your-email\" value=\"\" size=\"40\" class=\"wpcf7-form-control wpcf7-text wpcf7-email wpcf7-validates-as-required wpcf7-validates-as-email\" aria-required=\"true\" aria-invalid=\"false\" \/><\/span> <\/label><\/p>\n<p><label> Do\u011fum Y\u0131l\u0131:<br \/>\n    <span class=\"wpcf7-form-control-wrap your-birthdate\"><select name=\"your-birthdate\" class=\"wpcf7-form-control wpcf7-select wpcf7-validates-as-required\" aria-required=\"true\" aria-invalid=\"false\"><option value=\"1950\">1950<\/option><option value=\"1951\">1951<\/option><option value=\"1952\">1952<\/option><option value=\"1953\">1953<\/option><option value=\"1954\">1954<\/option><option value=\"1955\">1955<\/option><option value=\"1956\">1956<\/option><option value=\"1957\">1957<\/option><option value=\"1958\">1958<\/option><option value=\"1959\">1959<\/option><option value=\"1960\">1960<\/option><option value=\"1961\">1961<\/option><option value=\"1962\">1962<\/option><option value=\"1963\">1963<\/option><option value=\"1964\">1964<\/option><option value=\"1965\">1965<\/option><option value=\"1966\">1966<\/option><option value=\"1967\">1967<\/option><option value=\"1968\">1968<\/option><option value=\"1969\">1969<\/option><option value=\"1970\">1970<\/option><option value=\"1971\">1971<\/option><option value=\"1972\">1972<\/option><option value=\"1973\">1973<\/option><option value=\"1974\">1974<\/option><option value=\"1975\">1975<\/option><option value=\"1976\">1976<\/option><option value=\"1977\">1977<\/option><option value=\"1978\">1978<\/option><option value=\"1979\">1979<\/option><option value=\"1980\">1980<\/option><option value=\"1981\">1981<\/option><option value=\"1982\">1982<\/option><option value=\"1983\">1983<\/option><option value=\"1984\">1984<\/option><option value=\"1985\">1985<\/option><option value=\"1986\">1986<\/option><option value=\"1987\">1987<\/option><option value=\"1988\">1988<\/option><option value=\"1989\">1989<\/option><option value=\"1990\">1990<\/option><option value=\"1991\">1991<\/option><option value=\"1992\">1992<\/option><option value=\"1993\">1993<\/option><option value=\"1994\">1994<\/option><option value=\"1995\">1995<\/option><option value=\"1996\">1996<\/option><option value=\"1997\">1997<\/option><option value=\"1998\">1998<\/option><option value=\"1999\">1999<\/option><option value=\"2000\">2000<\/option><option value=\"2001\">2001<\/option><option value=\"2002\">2002<\/option><option value=\"2003\">2003<\/option><option value=\"2004\">2004<\/option><option value=\"2005\">2005<\/option><option value=\"2006\">2006<\/option><option value=\"2007\">2007<\/option><option value=\"2008\">2008<\/option><option value=\"2009\">2009<\/option><option value=\"2010\">2010<\/option><\/select><\/span> <\/label><\/p>\n<p><label> Cinsiyet:<br \/>\n    <span class=\"wpcf7-form-control-wrap your-gender\"><select name=\"your-gender\" class=\"wpcf7-form-control wpcf7-select wpcf7-validates-as-required\" aria-required=\"true\" aria-invalid=\"false\"><option value=\"\">---<\/option><option value=\"Erkek\">Erkek<\/option><option value=\"Kad\u0131n\">Kad\u0131n<\/option><\/select><\/span> <\/label><\/p>\n<p><label> Telefon:<br \/>\n    <span class=\"wpcf7-form-control-wrap your-telephone\"><input type=\"text\" name=\"your-telephone\" value=\"\" size=\"40\" class=\"wpcf7-form-control wpcf7-text wpcf7-validates-as-required\" aria-required=\"true\" aria-invalid=\"false\" \/><\/span> <\/label><\/p>\n<p><label> Kat\u0131ld\u0131\u011f\u0131n\u0131z Sehir:<br \/>\n    <span class=\"wpcf7-form-control-wrap your-location\"><input type=\"text\" name=\"your-location\" value=\"\" size=\"40\" class=\"wpcf7-form-control wpcf7-text wpcf7-validates-as-required\" aria-required=\"true\" aria-invalid=\"false\" \/><\/span> <\/label><\/p>\n<p><label> Parkur:<br \/>\n    <span class=\"wpcf7-form-control-wrap your-parkur\"><select name=\"your-parkur\" class=\"wpcf7-form-control wpcf7-select wpcf7-validates-as-required\" aria-required=\"true\" aria-invalid=\"false\"><option value=\"Fethiye Parkuru\">Fethiye Parkuru<\/option><option value=\"Marmaris Parkuru\">Marmaris Parkuru<\/option><option value=\"Bodrum Parkuru\">Bodrum Parkuru<\/option><option value=\"2 Parkur Kombine Fethiye - Marmaris\">2 Parkur Kombine Fethiye - Marmaris<\/option><option value=\"2 Parkur Kombine Fethiye - Bodrum\">2 Parkur Kombine Fethiye - Bodrum<\/option><option value=\"2 Parkur Kombine Bodrum - Marmaris\">2 Parkur Kombine Bodrum - Marmaris<\/option><option value=\"3 Parkur Kombine\">3 Parkur Kombine<\/option><\/select><\/span> <\/label><\/p>\n<p><label> T-shirt Bedeni:<br \/>\n    <span class=\"wpcf7-form-control-wrap your-size\"><select name=\"your-size\" class=\"wpcf7-form-control wpcf7-select wpcf7-validates-as-required\" aria-required=\"true\" aria-invalid=\"false\"><option value=\"S\">S<\/option><option value=\"M\">M<\/option><option value=\"L\">L<\/option><option value=\"XL\">XL<\/option><\/select><\/span> <\/label><\/p>\n<p><label> Tak\u0131m:<br \/>\n    <span class=\"wpcf7-form-control-wrap your-team\"><input type=\"text\" name=\"your-team\" value=\"\" size=\"40\" class=\"wpcf7-form-control wpcf7-text\" aria-invalid=\"false\" \/><\/span> <\/label><\/p>\n<p><label> Acil Durumda Aranacak Ki\u015fi Ad\/Soyad:<br \/>\n    <span class=\"wpcf7-form-control-wrap your-matename\"><input type=\"text\" name=\"your-matename\" value=\"\" size=\"40\" class=\"wpcf7-form-control wpcf7-text wpcf7-validates-as-required\" aria-required=\"true\" aria-invalid=\"false\" \/><\/span> <\/label><\/p>\n<p><label> Acil Durumda Aranacak Ki\u015fi Telefon:<br \/>\n    <span class=\"wpcf7-form-control-wrap your-matetel\"><input type=\"text\" name=\"your-matetel\" value=\"\" size=\"40\" class=\"wpcf7-form-control wpcf7-text wpcf7-validates-as-required\" aria-required=\"true\" aria-invalid=\"false\" \/><\/span> <\/label><\/p>\n<p><label> Promosyon Kodu<br \/>\n    <span class=\"wpcf7-form-control-wrap your-code\"><input type=\"text\" name=\"your-code\" value=\"\" size=\"40\" class=\"wpcf7-form-control wpcf7-text\" aria-invalid=\"false\" \/><\/span> <\/label><\/p>\n<p><label><span class=\"wpcf7-form-control-wrap feragatname\"><span class=\"wpcf7-form-control wpcf7-acceptance\"><span class=\"wpcf7-list-item\"><label><input type=\"checkbox\" name=\"feragatname\" value=\"1\" aria-invalid=\"false\" \/><span class=\"wpcf7-list-item-label\">Feragatname\u2019yi kabul ediyorum.<a href=\"\/feragatname\" target=\"_blank\">Metin i\u00e7in t\u0131klay\u0131n.<\/a><\/span><\/label><\/span><\/span><\/span><\/label><br \/>\n<label><span class=\"wpcf7-form-control-wrap gizlilik\"><span class=\"wpcf7-form-control wpcf7-acceptance\"><span class=\"wpcf7-list-item\"><label><input type=\"checkbox\" name=\"gizlilik\" value=\"1\" aria-invalid=\"false\" \/><span class=\"wpcf7-list-item-label\">Gizlilik politikas\u0131n\u0131 kabul ediyorum.<a href=\"\/gizlilik-politikasi\" target=\"_blank\">Metin i\u00e7in t\u0131klay\u0131n.<\/a><\/span><\/label><\/span><\/span><\/span><\/label><br \/>\n<label><span class=\"wpcf7-form-control-wrap aydinlatma\"><span class=\"wpcf7-form-control wpcf7-acceptance\"><span class=\"wpcf7-list-item\"><label><input type=\"checkbox\" name=\"aydinlatma\" value=\"1\" aria-invalid=\"false\" \/><span class=\"wpcf7-list-item-label\">Ayd\u0131nlatma metnini kabul ediyorum.<a href=\"\/aydinlatma-metni\" target=\"_blank\">Metin i\u00e7in t\u0131klay\u0131n.<\/a><\/span><\/label><\/span><\/span><\/span><\/label><\/p>\n<div style=\"display:none\"><span class=\"wpcf7-form-control-wrap formid\"><input type=\"text\" name=\"formid\" value=\"\" size=\"40\" class=\"wpcf7-form-control wpcf7-text\" aria-invalid=\"false\" \/><\/span><span class=\"wpcf7-form-control-wrap bib-number\"><input type=\"text\" name=\"bib-number\" value=\"0\" size=\"40\" class=\"wpcf7-form-control wpcf7-text\" aria-invalid=\"false\" \/><\/span><span class=\"wpcf7-form-control-wrap verified\"><input type=\"text\" name=\"verified\" value=\"0\" size=\"40\" class=\"wpcf7-form-control wpcf7-text\" aria-invalid=\"false\" \/><\/span><\/div>\n<p><strong>Kayd\u0131n Tamamlanmas\u0131n\u0131n Ard\u0131ndan \u00d6deme Sayfas\u0131na Ge\u00e7ilecektir.<\/strong><\/p>\n<p><input type=\"submit\" value=\"Kay\u0131t Ol\" class=\"wpcf7-form-control has-spinner wpcf7-submit button expanded alert\" \/><\/p>\n<div class=\"wpcf7-response-output\" aria-hidden=\"true\"><\/div><\/form><\/div><\/div>\r\n<\/div>","protected":false},"excerpt":{"rendered":"","protected":false},"author":3,"featured_media":0,"parent":0,"menu_order":0,"comment_status":"closed","ping_status":"closed","template":"","meta":[],"_links":{"self":[{"href":"https:\/\/www.muglacup.com\/en\/wp-json\/wp\/v2\/pages\/4728"}],"collection":[{"href":"https:\/\/www.muglacup.com\/en\/wp-json\/wp\/v2\/pages"}],"about":[{"href":"https:\/\/www.muglacup.com\/en\/wp-json\/wp\/v2\/types\/page"}],"author":[{"embeddable":true,"href":"https:\/\/www.muglacup.com\/en\/wp-json\/wp\/v2\/users\/3"}],"replies":[{"embeddable":true,"href":"https:\/\/www.muglacup.com\/en\/wp-json\/wp\/v2\/comments?post=4728"}],"version-history":[{"count":1,"href":"https:\/\/www.muglacup.com\/en\/wp-json\/wp\/v2\/pages\/4728\/revisions"}],"predecessor-version":[{"id":4729,"href":"https:\/\/www.muglacup.com\/en\/wp-json\/wp\/v2\/pages\/4728\/revisions\/4729"}],"wp:attachment":[{"href":"https:\/\/www.muglacup.com\/en\/wp-json\/wp\/v2\/media?parent=4728"}],"curies":[{"name":"wp","href":"https:\/\/api.w.org\/{rel}","templated":true}]}}